{"id":23811,"date":"2024-05-20T07:12:30","date_gmt":"2024-05-20T07:12:30","guid":{"rendered":"https:\/\/emirateshospitals.ae\/find-a-doctor\/"},"modified":"2025-03-22T15:06:17","modified_gmt":"2025-03-22T15:06:17","slug":"find-a-doctor","status":"publish","type":"page","link":"https:\/\/emirateshospitals.ae\/tr\/find-a-doctor\/","title":{"rendered":"Bir Doktor Bulun"},"content":{"rendered":"<p>Emirates Hospitals Group ile Dubai, Abu Dhabi ve Ras Al-Khaimah&#8217;daki en iyi doktorlar\u0131 ke\u015ffedin.\u00a0 30&#8217;dan fazla dilde ak\u0131c\u0131 konu\u015fan 200&#8217;den fazla kurul sertifikal\u0131 doktor. <strong>Bir Doktor Se\u00e7in ve 7\/24 Online Rezervasyon Yap\u0131n <\/strong><\/p>\n","protected":false},"excerpt":{"rendered":"<p>Emirates Hospitals Group ile Dubai, Abu Dhabi ve Ras Al-Khaimah&#8217;daki en iyi doktorlar\u0131 ke\u015ffedin.\u00a0 30&#8217;dan fazla dilde ak\u0131c\u0131 konu\u015fan 200&#8217;den fazla kurul sertifikal\u0131 doktor. Bir Doktor Se\u00e7in ve 7\/24 Online Rezervasyon Yap\u0131n<\/p>\n","protected":false},"author":4,"featured_media":0,"parent":0,"menu_order":0,"comment_status":"closed","ping_status":"closed","template":"doctors.php","meta":{"_acf_changed":false,"inline_featured_image":false,"footnotes":""},"class_list":["post-23811","page","type-page","status-publish","hentry"],"acf":[],"aioseo_notices":[],"_links":{"self":[{"href":"https:\/\/emirateshospitals.ae\/tr\/wp-json\/wp\/v2\/pages\/23811","targetHints":{"allow":["GET"]}}],"collection":[{"href":"https:\/\/emirateshospitals.ae\/tr\/wp-json\/wp\/v2\/pages"}],"about":[{"href":"https:\/\/emirateshospitals.ae\/tr\/wp-json\/wp\/v2\/types\/page"}],"author":[{"embeddable":true,"href":"https:\/\/emirateshospitals.ae\/tr\/wp-json\/wp\/v2\/users\/4"}],"replies":[{"embeddable":true,"href":"https:\/\/emirateshospitals.ae\/tr\/wp-json\/wp\/v2\/comments?post=23811"}],"version-history":[{"count":1,"href":"https:\/\/emirateshospitals.ae\/tr\/wp-json\/wp\/v2\/pages\/23811\/revisions"}],"predecessor-version":[{"id":23812,"href":"https:\/\/emirateshospitals.ae\/tr\/wp-json\/wp\/v2\/pages\/23811\/revisions\/23812"}],"wp:attachment":[{"href":"https:\/\/emirateshospitals.ae\/tr\/wp-json\/wp\/v2\/media?parent=23811"}],"curies":[{"name":"wp","href":"https:\/\/api.w.org\/{rel}","templated":true}]}}