{"id":9139,"date":"2024-05-02T11:18:35","date_gmt":"2024-05-02T11:18:35","guid":{"rendered":"https:\/\/emirateshospitals.ae\/appointment\/"},"modified":"2024-10-04T13:33:36","modified_gmt":"2024-10-04T13:33:36","slug":"appointment","status":"publish","type":"page","link":"https:\/\/emirateshospitals.ae\/fr\/appointment\/","title":{"rendered":"Book Appointment"},"content":{"rendered":"<style id=\"wpforms-css-vars-31\">\n\t\t\t\t#wpforms-31 {\n\t\t\t\t--wpforms-field-size-input-height: 43px;\n--wpforms-field-size-input-spacing: 15px;\n--wpforms-field-size-font-size: 16px;\n--wpforms-field-size-line-height: 19px;\n--wpforms-field-size-padding-h: 14px;\n--wpforms-field-size-checkbox-size: 16px;\n--wpforms-field-size-sublabel-spacing: 5px;\n--wpforms-field-size-icon-size: 1;\n--wpforms-label-size-font-size: 16px;\n--wpforms-label-size-line-height: 19px;\n--wpforms-label-size-sublabel-font-size: 14px;\n--wpforms-label-size-sublabel-line-height: 17px;\n--wpforms-button-size-font-size: 17px;\n--wpforms-button-size-height: 41px;\n--wpforms-button-size-padding-h: 15px;\n--wpforms-button-size-margin-top: 10px;\n--wpforms-container-shadow-size-box-shadow: none;\n\t\t\t}\n\t\t\t<\/style><div class=\"wpforms-container wpforms-container-full wpforms-render-modern\" id=\"wpforms-31\"><form id=\"wpforms-form-31\" class=\"wpforms-validate wpforms-form wpforms-ajax-form\" data-formid=\"31\" method=\"post\" enctype=\"multipart\/form-data\" action=\"\/fr\/wp-json\/wp\/v2\/pages\/9139\" data-token=\"dffaf1d7101c901d08d9e42bc34d067b\" data-token-time=\"1778586208\"><noscript class=\"wpforms-error-noscript\">Veuillez activer JavaScript dans votre navigateur pour remplir ce formulaire.<\/noscript><div id=\"wpforms-error-noscript\" style=\"display: none;\">Veuillez activer JavaScript dans votre navigateur pour remplir ce formulaire.<\/div><div class=\"wpforms-field-container\"><div id=\"wpforms-31-field_1-container\" class=\"wpforms-field wpforms-field-text\" data-field-id=\"1\"><label class=\"wpforms-field-label wpforms-label-hide\" for=\"wpforms-31-field_1\" aria-hidden=\"false\">Name <span class=\"wpforms-required-label\" aria-hidden=\"true\">*<\/span><\/label><input type=\"text\" id=\"wpforms-31-field_1\" class=\"wpforms-field-medium wpforms-field-required\" name=\"wpforms[fields][1]\" placeholder=\"Full Name\" aria-errormessage=\"wpforms-31-field_1-error\" required><\/div><div id=\"wpforms-31-field_10-container\" class=\"wpforms-field wpforms-field-phone\" data-field-id=\"10\"><label class=\"wpforms-field-label\" for=\"wpforms-31-field_10\">Phone<\/label><input type=\"tel\" id=\"wpforms-31-field_10\" class=\"wpforms-field-medium wpforms-smart-phone-field\" data-rule-smart-phone-field=\"true\" name=\"wpforms[fields][10]\" placeholder=\"Mobile\/Phone Number\" aria-label=\"Phone\" aria-errormessage=\"wpforms-31-field_10-error\" ><\/div><div id=\"wpforms-31-field_3-container\" class=\"wpforms-field wpforms-field-email\" data-field-id=\"3\"><label class=\"wpforms-field-label\" for=\"wpforms-31-field_3\">Email <span class=\"wpforms-required-label\" aria-hidden=\"true\">*<\/span><\/label><input type=\"email\" id=\"wpforms-31-field_3\" class=\"wpforms-field-medium wpforms-field-required\" name=\"wpforms[fields][3]\" placeholder=\"Email Address\" spellcheck=\"false\" aria-errormessage=\"wpforms-31-field_3-error\" required><\/div><div id=\"wpforms-31-field_4-container\" class=\"wpforms-field wpforms-field-select wpforms-field-select-style-modern\" data-field-id=\"4\"><label class=\"wpforms-field-label\" for=\"wpforms-31-field_4\">Service <span class=\"wpforms-required-label\" aria-hidden=\"true\">*<\/span><\/label><select id=\"wpforms-31-field_4\" class=\"wpforms-field-medium wpforms-field-required choicesjs-select\" data-size-class=\"wpforms-field-row wpforms-field-medium\" data-search-enabled=\"1\" name=\"wpforms[fields][4]\" required=\"required\"><option value=\"\" class=\"placeholder\" disabled  selected='selected'>Service<\/option><option value=\"31561\"  class=\"choice-0 depth-1\"  >#31561 (pas de titre)<\/option><option value=\"8776\"  class=\"choice-1 depth-1\"  >Bilans de sant\u00e9<\/option><option value=\"8262\"  class=\"choice-2 depth-1\"  >Cardiologie<\/option><option value=\"8787\"  class=\"choice-3 depth-1\"  >Centre du diab\u00e8te<\/option><option value=\"8783\"  class=\"choice-4 depth-1\"  >Chirurgie bariatrique<\/option><option value=\"8743\"  class=\"choice-5 depth-1\"  >Chirurgie de la t\u00eate et du cou<\/option><option value=\"8774\"  class=\"choice-6 depth-1\"  >Chirurgie g\u00e9n\u00e9rale<\/option><option value=\"8854\"  class=\"choice-7 depth-1\"  >Chirurgie h\u00e9pato-pancr\u00e9ato-biliaire (HPB)<\/option><option value=\"8958\"  class=\"choice-8 depth-1\"  >Chirurgie orale et maxillo-faciale<\/option><option value=\"8896\"  class=\"choice-9 depth-1\"  >Chirurgie orthop\u00e9dique<\/option><option value=\"8853\"  class=\"choice-10 depth-1\"  >Chirurgie p\u00e9diatrique<\/option><option value=\"8921\"  class=\"choice-11 depth-1\"  >Chirurgie plastique<\/option><option value=\"12078\"  class=\"choice-12 depth-1\"  >Chirurgie thoracique<\/option><option value=\"9018\"  class=\"choice-13 depth-1\"  >Chirurgie vasculaire<\/option><option value=\"12080\"  class=\"choice-14 depth-1\"  >Clinique anti-\u00e2ge<\/option><option value=\"32846\"  class=\"choice-15 depth-1\"  >Clinique de Fertilit\u00e9<\/option><option value=\"8926\"  class=\"choice-16 depth-1\"  >Clinique de la thyro\u00efde<\/option><option value=\"9002\"  class=\"choice-17 depth-1\"  >Clinique de la Thyro\u00efde<\/option><option value=\"8951\"  class=\"choice-18 depth-1\"  >Clinique de la veine<\/option><option value=\"9117\"  class=\"choice-19 depth-1\"  >Clinique de la veine<\/option><option value=\"8764\"  class=\"choice-20 depth-1\"  >Clinique de m\u00e9decine de la douleur<\/option><option value=\"9027\"  class=\"choice-21 depth-1\"  >Clinique de perte de poids<\/option><option value=\"11985\"  class=\"choice-22 depth-1\"  >Clinique dentaire<\/option><option value=\"8980\"  class=\"choice-23 depth-1\"  >Clinique des douleurs cervicales<\/option><option value=\"8880\"  class=\"choice-24 depth-1\"  >Clinique du foie (h\u00e9patologie)<\/option><option value=\"8925\"  class=\"choice-25 depth-1\"  >Clinique du foie (h\u00e9patologie)<\/option><option value=\"9028\"  class=\"choice-26 depth-1\"  >Clinique du mal de dos<\/option><option value=\"9129\"  class=\"choice-27 depth-1\"  >Dermatologie et esth\u00e9tique<\/option><option value=\"12057\"  class=\"choice-28 depth-1\"  >Endocrinologie<\/option><option value=\"9092\"  class=\"choice-29 depth-1\"  >Ergoth\u00e9rapie<\/option><option value=\"8869\"  class=\"choice-30 depth-1\"  >Gastro-ent\u00e9rologie<\/option><option value=\"32351\"  class=\"choice-31 depth-2\"  >&mdash; Unit\u00e9 d\u2019Endoscopie<\/option><option value=\"32399\"  class=\"choice-32 depth-3\"  >&mdash;&mdash; Coloscopie<\/option><option value=\"32416\"  class=\"choice-33 depth-3\"  >&mdash;&mdash; Gastroscopie<\/option><option value=\"9015\"  class=\"choice-34 depth-1\"  >gastro-intestinale<\/option><option value=\"12065\"  class=\"choice-35 depth-1\"  >Gyn\u00e9cologie<\/option><option value=\"32503\"  class=\"choice-36 depth-2\"  >&mdash; Cancer Gyn\u00e9cologique<\/option><option value=\"32475\"  class=\"choice-37 depth-2\"  >&mdash; Clinique de Douleur Pelvienne Chronique<\/option><option value=\"32527\"  class=\"choice-38 depth-2\"  >&mdash; Clinique de l\u2019Hyst\u00e9rectomie<\/option><option value=\"32787\"  class=\"choice-39 depth-2\"  >&mdash; Clinique de M\u00e9nopause<\/option><option value=\"32493\"  class=\"choice-40 depth-2\"  >&mdash; Clinique des Fibromes<\/option><option value=\"32487\"  class=\"choice-41 depth-2\"  >&mdash; Clinique d\u2019Endom\u00e9triose<\/option><option value=\"32792\"  class=\"choice-42 depth-2\"  >&mdash; Frottis Cervical<\/option><option value=\"32791\"  class=\"choice-43 depth-2\"  >&mdash; Gyn\u00e9cologie ambulatoire (interventions en cabinet)<\/option><option value=\"32796\"  class=\"choice-44 depth-2\"  >&mdash; Le Syndrome des Ovaires Polykystiques<\/option><option value=\"32778\"  class=\"choice-45 depth-2\"  >&mdash; Proc\u00e9dures d'Hyst\u00e9roscopie<\/option><option value=\"32783\"  class=\"choice-46 depth-2\"  >&mdash; Proc\u00e9dures Laparoscopiques<\/option><option value=\"8876\"  class=\"choice-47 depth-1\"  >Maladies infectieuses<\/option><option value=\"12053\"  class=\"choice-48 depth-1\"  >M\u00e9decine familiale<\/option><option value=\"12060\"  class=\"choice-49 depth-1\"  >M\u00e9decine f\u0153tale<\/option><option value=\"8886\"  class=\"choice-50 depth-1\"  >M\u00e9decine interne<\/option><option value=\"8998\"  class=\"choice-51 depth-1\"  >N\u00e9phrologie<\/option><option value=\"9044\"  class=\"choice-52 depth-1\"  >Neurochirurgie<\/option><option value=\"9021\"  class=\"choice-53 depth-1\"  >Neurologie<\/option><option value=\"8945\"  class=\"choice-54 depth-1\"  >Obst\u00e9trique et maternit\u00e9<\/option><option value=\"9107\"  class=\"choice-55 depth-1\"  >Oncologie<\/option><option value=\"8756\"  class=\"choice-56 depth-1\"  >Ophtalmologie (soins des yeux)<\/option><option value=\"8792\"  class=\"choice-57 depth-1\"  >ORL (oto-rhino-laryngologie)<\/option><option value=\"12022\"  class=\"choice-58 depth-1\"  >Orthophonie (pathologie)<\/option><option value=\"8963\"  class=\"choice-59 depth-1\"  >Orthophonie (pathologie) Prendre rendez-vous<\/option><option value=\"8785\"  class=\"choice-60 depth-1\"  >P\u00e9diatrie<\/option><option value=\"8862\"  class=\"choice-61 depth-1\"  >Physioth\u00e9rapie et r\u00e9adaptation<\/option><option value=\"8898\"  class=\"choice-62 depth-1\"  >Pneumologie<\/option><option value=\"8888\"  class=\"choice-63 depth-1\"  >Proctologie \/ Chirurgie Colorectale<\/option><option value=\"8930\"  class=\"choice-64 depth-1\"  >Radiologie et imagerie<\/option><option value=\"12049\"  class=\"choice-65 depth-1\"  >R\u00e9gime et nutrition<\/option><option value=\"9126\"  class=\"choice-66 depth-1\"  >Soins du sein<\/option><option value=\"32842\"  class=\"choice-67 depth-1\"  >Soins Pr\u00e9nataux et Cours Pr\u00e9nataux<\/option><option value=\"32843\"  class=\"choice-68 depth-1\"  >Soutien \u00e0 l'Allaitement Maternel<\/option><option value=\"9068\"  class=\"choice-69 depth-1\"  >UNIT\u00c9 DE SOINS INTENSIFS N\u00c9ONATALS<\/option><option value=\"8889\"  class=\"choice-70 depth-1\"  >UNIT\u00c9 DE SOINS INTENSIFS N\u00c9ONATALS<\/option><option value=\"8939\"  class=\"choice-71 depth-1\"  >Urologie<\/option><option value=\"30103\"  class=\"choice-72 depth-2\"  >&mdash; Affections Ur\u00e9trales<\/option><option value=\"30105\"  class=\"choice-73 depth-3\"  >&mdash;&mdash; Traitement de la St\u00e9nose Ur\u00e9trale<\/option><\/select><\/div><div id=\"wpforms-31-field_9-container\" class=\"wpforms-field wpforms-field-select wpforms-field-select-style-modern\" data-field-id=\"9\"><label class=\"wpforms-field-label\" for=\"wpforms-31-field_9\">Location <span class=\"wpforms-required-label\" aria-hidden=\"true\">*<\/span><\/label><select id=\"wpforms-31-field_9\" class=\"wpforms-field-medium wpforms-field-required choicesjs-select\" data-size-class=\"wpforms-field-row wpforms-field-medium\" data-search-enabled=\"1\" name=\"wpforms[fields][9]\" required=\"required\"><option value=\"\" class=\"placeholder\" disabled  selected='selected'>Location<\/option><option value=\"9165\"  class=\"choice-0 depth-1\"  >Chirurgie de jour de l'h\u00f4pital Emirates - Khalidiyah (Abu Dhabi)<\/option><option value=\"9125\"  class=\"choice-1 depth-1\"  >Chirurgie de jour de l'h\u00f4pital Emirates - Motorcity<\/option><option value=\"9096\"  class=\"choice-2 depth-1\"  >Clinique de l'h\u00f4pital des \u00c9mirats - Conrad<\/option><option value=\"9135\"  class=\"choice-3 depth-1\"  >Clinique de l'h\u00f4pital des \u00c9mirats - The Palm<\/option><option value=\"9088\"  class=\"choice-4 depth-1\"  >Clinique de l'h\u00f4pital Emirates  - Business Bay<\/option><option value=\"9084\"  class=\"choice-5 depth-1\"  >Clinique de l'h\u00f4pital Emirates - Dubai Marina<\/option><option value=\"9166\"  class=\"choice-6 depth-1\"  >Clinique de l'h\u00f4pital Emirates - Ras Al Khaimah<\/option><option value=\"9108\"  class=\"choice-7 depth-1\"  >Emirates SportsMED - The Palm<\/option><option value=\"9138\"  class=\"choice-8 depth-1\"  >H\u00f4pital des \u00c9mirats Jumeirah<\/option><option value=\"9094\"  class=\"choice-9 depth-1\"  >H\u00f4pital sp\u00e9cialis\u00e9 des \u00c9mirats - DHCC<\/option><\/select><\/div><div id=\"wpforms-31-field_5-container\" class=\"wpforms-field wpforms-field-text\" data-field-id=\"5\"><label class=\"wpforms-field-label\" for=\"wpforms-31-field_5\">Reason <span class=\"wpforms-required-label\" aria-hidden=\"true\">*<\/span><\/label><input type=\"text\" id=\"wpforms-31-field_5\" class=\"wpforms-field-medium wpforms-field-required\" name=\"wpforms[fields][5]\" placeholder=\"Reason For Visit\" aria-errormessage=\"wpforms-31-field_5-error\" required><\/div><div id=\"wpforms-31-field_6-container\" class=\"wpforms-field wpforms-field-select wpforms-field-select-style-classic\" data-field-id=\"6\"><label class=\"wpforms-field-label\" for=\"wpforms-31-field_6\">How<\/label><select id=\"wpforms-31-field_6\" class=\"wpforms-field-medium\" name=\"wpforms[fields][6]\"><option value=\"\" class=\"placeholder\" disabled  selected='selected'>How did you hear about us?<\/option><option value=\"Not Sure \/ Other\"  class=\"choice-6 depth-1\"  >Not Sure \/ Other<\/option><option value=\"Friends or Family\"  class=\"choice-10 depth-1\"  >Friends or Family<\/option><option value=\"Referral (Doctor or Physician)\"  class=\"choice-11 depth-1\"  >Referral (Doctor or Physician)<\/option><option value=\"Google Search\"  class=\"choice-2 depth-1\"  >Google Search<\/option><option value=\"Google Sponsored Advert\"  class=\"choice-7 depth-1\"  >Google Sponsored Advert<\/option><option value=\"Instagram\"  class=\"choice-3 depth-1\"  >Instagram<\/option><option value=\"Facebook\"  class=\"choice-1 depth-1\"  >Facebook<\/option><option value=\"LinkedIn\"  class=\"choice-4 depth-1\"  >LinkedIn<\/option><option value=\"Tiktok\"  class=\"choice-5 depth-1\"  >Tiktok<\/option><option value=\"Newspaper \/ Magazine\"  class=\"choice-8 depth-1\"  >Newspaper \/ Magazine<\/option><option value=\"Radio\"  class=\"choice-12 depth-1\"  >Radio<\/option><option value=\"Event\"  class=\"choice-15 depth-1\"  >Event<\/option><option value=\"ChatGPT\"  class=\"choice-14 depth-1\"  >ChatGPT<\/option><option value=\"Other AI Search (Perplexity \/ Claude\u00a0etc)\"  class=\"choice-13 depth-1\"  >Other AI Search (Perplexity \/ Claude\u00a0etc)<\/option><\/select><\/div><\/div><!-- .wpforms-field-container --><div class=\"wpforms-recaptcha-container wpforms-is-recaptcha wpforms-is-recaptcha-type-v3\" ><input type=\"hidden\" name=\"wpforms[recaptcha]\" value=\"\"><\/div><div class=\"wpforms-submit-container\" ><input type=\"hidden\" name=\"wpforms[id]\" value=\"31\"><input type=\"hidden\" name=\"page_title\" value=\"\"><input type=\"hidden\" name=\"page_url\" value=\"https:\/\/emirateshospitals.ae\/fr\/wp-json\/wp\/v2\/pages\/9139\"><input type=\"hidden\" name=\"url_referer\" value=\"\"><button type=\"submit\" name=\"wpforms[submit]\" id=\"wpforms-submit-31\" class=\"wpforms-submit\" data-alt-text=\"Sending...\" data-submit-text=\"Submit\" aria-live=\"assertive\" value=\"wpforms-submit\">Submit<\/button><img loading=\"lazy\" decoding=\"async\" src=\"https:\/\/emirateshospitals.ae\/wp-content\/plugins\/wpforms\/assets\/images\/submit-spin.svg\" class=\"wpforms-submit-spinner\" style=\"display: none;\" width=\"26\" height=\"26\" alt=\"Chargement en cours\"><\/div><\/form><\/div>  <!-- .wpforms-container -->\n","protected":false},"excerpt":{"rendered":"","protected":false},"author":4,"featured_media":0,"parent":0,"menu_order":0,"comment_status":"closed","ping_status":"closed","template":"appointment.php","meta":{"_acf_changed":false,"inline_featured_image":false,"footnotes":""},"class_list":["post-9139","page","type-page","status-publish","hentry"],"acf":[],"aioseo_notices":[],"_links":{"self":[{"href":"https:\/\/emirateshospitals.ae\/fr\/wp-json\/wp\/v2\/pages\/9139","targetHints":{"allow":["GET"]}}],"collection":[{"href":"https:\/\/emirateshospitals.ae\/fr\/wp-json\/wp\/v2\/pages"}],"about":[{"href":"https:\/\/emirateshospitals.ae\/fr\/wp-json\/wp\/v2\/types\/page"}],"author":[{"embeddable":true,"href":"https:\/\/emirateshospitals.ae\/fr\/wp-json\/wp\/v2\/users\/4"}],"replies":[{"embeddable":true,"href":"https:\/\/emirateshospitals.ae\/fr\/wp-json\/wp\/v2\/comments?post=9139"}],"version-history":[{"count":1,"href":"https:\/\/emirateshospitals.ae\/fr\/wp-json\/wp\/v2\/pages\/9139\/revisions"}],"predecessor-version":[{"id":9140,"href":"https:\/\/emirateshospitals.ae\/fr\/wp-json\/wp\/v2\/pages\/9139\/revisions\/9140"}],"wp:attachment":[{"href":"https:\/\/emirateshospitals.ae\/fr\/wp-json\/wp\/v2\/media?parent=9139"}],"curies":[{"name":"wp","href":"https:\/\/api.w.org\/{rel}","templated":true}]}}