{"id":8104,"date":"2024-04-25T13:37:59","date_gmt":"2024-04-25T13:37:59","guid":{"rendered":"https:\/\/emirateshospitals.ae\/homepage\/"},"modified":"2024-12-12T04:28:57","modified_gmt":"2024-12-12T04:28:57","slug":"homepage","status":"publish","type":"page","link":"https:\/\/emirateshospitals.ae\/fr\/","title":{"rendered":"Homepage French"},"content":{"rendered":"<h2>Emirates Hospitals Group<\/h2>\n<h2>Plus de cinq mille avis de patients 5 \u00e9toiles<b><br \/>\n<\/b><\/h2>\n<p>Les \u00e9tablissements du groupe Emirates Hospitals sont class\u00e9s parmi les meilleurs h\u00f4pitaux de Duba\u00ef sur la base d&#8217;une combinaison de facteurs, notamment des m\u00e9decins de renomm\u00e9e mondiale, des \u00e9tablissements accr\u00e9dit\u00e9s au niveau international, une technologie de pointe et des milliers de t\u00e9moignages recueillis dans les \u00c9mirats arabes unis. Les h\u00f4pitaux Emirates sont accr\u00e9dit\u00e9s par le JCI et \u00e9quip\u00e9s d&#8217;innovations modernes en mati\u00e8re de soins de sant\u00e9. L&#8217;\u00e9tendue et la gamme de nos services m\u00e9dicaux sont parmi les plus compl\u00e8tes de Duba\u00ef et s&#8217;adressent \u00e0 des patients de langues, de cultures et de r\u00e9seaux d&#8217;assurance diff\u00e9rents.<\/p>\n","protected":false},"excerpt":{"rendered":"<p>Emirates Hospitals Group Plus de cinq mille avis de patients 5 \u00e9toiles Les \u00e9tablissements du groupe Emirates Hospitals sont class\u00e9s parmi les meilleurs h\u00f4pitaux de Duba\u00ef sur la base d&#8217;une combinaison de facteurs, notamment des m\u00e9decins de renomm\u00e9e mondiale, des \u00e9tablissements accr\u00e9dit\u00e9s au niveau international, une technologie de pointe et des milliers de t\u00e9moignages recueillis [&hellip;]<\/p>\n","protected":false},"author":4,"featured_media":0,"parent":0,"menu_order":0,"comment_status":"closed","ping_status":"closed","template":"front-page.php","meta":{"_acf_changed":false,"inline_featured_image":false,"footnotes":""},"class_list":["post-8104","page","type-page","status-publish","hentry"],"acf":[],"aioseo_notices":[],"_links":{"self":[{"href":"https:\/\/emirateshospitals.ae\/fr\/wp-json\/wp\/v2\/pages\/8104","targetHints":{"allow":["GET"]}}],"collection":[{"href":"https:\/\/emirateshospitals.ae\/fr\/wp-json\/wp\/v2\/pages"}],"about":[{"href":"https:\/\/emirateshospitals.ae\/fr\/wp-json\/wp\/v2\/types\/page"}],"author":[{"embeddable":true,"href":"https:\/\/emirateshospitals.ae\/fr\/wp-json\/wp\/v2\/users\/4"}],"replies":[{"embeddable":true,"href":"https:\/\/emirateshospitals.ae\/fr\/wp-json\/wp\/v2\/comments?post=8104"}],"version-history":[{"count":11,"href":"https:\/\/emirateshospitals.ae\/fr\/wp-json\/wp\/v2\/pages\/8104\/revisions"}],"predecessor-version":[{"id":11236,"href":"https:\/\/emirateshospitals.ae\/fr\/wp-json\/wp\/v2\/pages\/8104\/revisions\/11236"}],"wp:attachment":[{"href":"https:\/\/emirateshospitals.ae\/fr\/wp-json\/wp\/v2\/media?parent=8104"}],"curies":[{"name":"wp","href":"https:\/\/api.w.org\/{rel}","templated":true}]}}